{"id":40,"date":"2025-09-15T12:13:53","date_gmt":"2025-09-15T10:13:53","guid":{"rendered":"https:\/\/weinberg-institut.de\/?page_id=40"},"modified":"2026-03-23T10:26:52","modified_gmt":"2026-03-23T09:26:52","slug":"links-downloads","status":"publish","type":"page","link":"https:\/\/weinberg-institut.de\/index.php\/links-downloads\/","title":{"rendered":"Links &amp; Downloads"},"content":{"rendered":"\n<h2 class=\"wp-block-heading\">Links<\/h2>\n\n\n\n<div style=\"height:50px\" aria-hidden=\"true\" class=\"wp-block-spacer\"><\/div>\n\n\n\n<p><strong>Kindertraumainstitut (KTI)<\/strong><\/p>\n\n\n\n<p>Leiterin: Rose Wellek-Mestian<br>Standorte in Hamburg, K\u00f6ln, M\u00fcnchen, Hallein (\u00d6sterreich)<\/p>\n\n\n\n<p>Das KTI setzt sich unerm\u00fcdlich f\u00fcr eine hochwertige Entwicklung der Traumatherapie im Kindes- und Jugendalter ein und biete eine Ausbildung in spezieller Psychotraumatherapie nach DeGPt an.<\/p>\n\n\n\n<p>Auf der Homepage sind viele wichtige Texte und nat\u00fcrlich das Seminarprogramm zum Runterladen!<\/p>\n\n\n\n<div class=\"wp-block-buttons is-layout-flex wp-block-buttons-is-layout-flex\">\n<div class=\"wp-block-button\"><a class=\"wp-block-button__link wp-element-button\" href=\"http:\/\/www.kindertraumainstitut.de\" target=\"_blank\" rel=\"noreferrer noopener\">kindertraumainstitut.de<\/a><\/div>\n<\/div>\n\n\n\n<div style=\"height:50px\" aria-hidden=\"true\" class=\"wp-block-spacer\"><\/div>\n\n\n\n<p><strong>Trauma.Help<\/strong><\/p>\n\n\n\n<p>Das Traumakompetenz-Netzwerk f\u00fcr Kinder- und Jugendlichenpsychotherapeut*innen bietet in einem gesch\u00fctzen Raum Fallkonferenzen, Austausch mit Fachkolleg*innen, Fortbildungen, aktuelle Fachartikel und Hinweise auf Fortbildungen und zahlreiche Ressourcen und Tipps zum Download.<\/p>\n\n\n\n<div class=\"wp-block-buttons is-layout-flex wp-block-buttons-is-layout-flex\">\n<div class=\"wp-block-button\"><a class=\"wp-block-button__link wp-element-button\" href=\"http:\/\/trauma.help\" target=\"_blank\" rel=\"noreferrer noopener\">trauma.help<\/a><\/div>\n<\/div>\n\n\n\n<div style=\"height:50px\" aria-hidden=\"true\" class=\"wp-block-spacer\"><\/div>\n\n\n\n<p><strong>KST-Traumahilfe<\/strong><\/p>\n\n\n\n<p>Leitung: Dr. med. Kerstin Stellermann-Strehlow                                               <\/p>\n\n\n\n<p>Ort: L\u00fcneburg und In-House-Veranstaltungen.<\/p>\n\n\n\n<p>Ausbildung, Supervision, Fachvortr\u00e4ge,<br>Seminare und Publikationen.<\/p>\n\n\n\n<p>Ausbildungsinstitut von und mit Dr. med. Kerstin Stellermann-Strehlow und einen tollen Team von Referent*innen. Seminare und Curriculum, zertifiziert durch DeGPT- und EMDR-Europe-Standard\/EMDRIA BRD.<\/p>\n\n\n\n<div class=\"wp-block-buttons is-layout-flex wp-block-buttons-is-layout-flex\">\n<div class=\"wp-block-button\"><a class=\"wp-block-button__link wp-element-button\" href=\"https:\/\/www.kst-traumahilfe.de\/\" target=\"_blank\" rel=\"noreferrer noopener\">kst-traumahilfe.de<\/a><\/div>\n<\/div>\n\n\n\n<div style=\"height:50px\" aria-hidden=\"true\" class=\"wp-block-spacer\"><\/div>\n\n\n\n<p><strong>Schloss Hofen<\/strong><\/p>\n\n\n\n<p>Das Bodensee Weiterbildungszentrum Schloss Hofen steht seit \u00fcber 40 Jahren f\u00fcr berufsbegleitende H\u00f6herqualifizierung und Weiterbildung in Vorarlberg und im gesamten Bodenseeraum. Als vielf\u00e4ltige Bildungseinrichtung des Landes Vorarlberg vereint Schloss Hofen Hochschul- und Universit\u00e4tsprogramme, Akademie- und Weiterbildungsangebote sowie ein Business- und Seminarhotel.<\/p>\n\n\n\n<p>Das Weinberg-Team ist seit vielen Jahren mit dem Curriculum &#8222;traumabezogene Spieltherapie&#8220; in der Weiterbildungssparte &#8222;Gesundheit &amp; Soziales&#8220; vertreten.<\/p>\n\n\n\n<div class=\"wp-block-buttons is-layout-flex wp-block-buttons-is-layout-flex\">\n<div class=\"wp-block-button\"><a class=\"wp-block-button__link wp-element-button\" href=\"https:\/\/www.schlosshofen.at\/bildung\/psychologie-psychotherapie\/traumabezogene-spieltherapie\/\" target=\"_blank\" rel=\"noreferrer noopener\">schlosshofen.at<\/a><\/div>\n<\/div>\n\n\n\n<div style=\"height:50px\" aria-hidden=\"true\" class=\"wp-block-spacer\"><\/div>\n\n\n\n<p><strong>Jugendhof Vlotho<\/strong><\/p>\n\n\n\n<p>Leiterin des psychotraumatologischen Ausbildungsbereiches: Sabine Haupt-Scherer<br>Ort: Vlotho bei Bielefeld<\/p>\n\n\n\n<div class=\"wp-block-buttons is-layout-flex wp-block-buttons-is-layout-flex\">\n<div class=\"wp-block-button\"><a class=\"wp-block-button__link wp-element-button\" href=\"http:\/\/www.lwl.org\/LWL\/Jugend\/Jugendhof\" target=\"_blank\" rel=\"noreferrer noopener\">lwl.org\/LWL\/Jugend\/Jugendhof<\/a><\/div>\n<\/div>\n\n\n\n<div style=\"height:50px\" aria-hidden=\"true\" class=\"wp-block-spacer\"><\/div>\n\n\n\n<p><strong>DeGPT<\/strong><\/p>\n\n\n\n<p>Deutschsprachige Gesellschaft f\u00fcr Psychotraumatologie, verfasst Behandlungsleitlinien f\u00fcr Traumaopfer und Ausbildungsleitlinien f\u00fcr Traumapsychotherapeuten. Seit 2008 liegt nun auch das Currikulum f\u00fcr Kinder- und Jugendlichen-Traumatherapeuten vor.<\/p>\n\n\n\n<div class=\"wp-block-buttons is-layout-flex wp-block-buttons-is-layout-flex\">\n<div class=\"wp-block-button\"><a class=\"wp-block-button__link wp-element-button\" href=\"http:\/\/www.Degpt.de\" target=\"_blank\" rel=\"noreferrer noopener\">degpt.de<\/a><\/div>\n<\/div>\n\n\n\n<div style=\"height:50px\" aria-hidden=\"true\" class=\"wp-block-spacer\"><\/div>\n\n\n\n<p><strong>BKJ e.V.<\/strong><\/p>\n\n\n\n<p>Berufsverband der Kinder- und Jugendlichenpsychotherapeuten: Schulen\u00fcbergreifend, total nett und sehr kompetente Kolleg*innen. Macht prima Berufspolitik und alle zwei Jahre einen hervorragenden Kongress in Frankfurt. Ein Verband zum Wohlf\u00fchlen!<\/p>\n\n\n\n<div class=\"wp-block-buttons is-layout-flex wp-block-buttons-is-layout-flex\">\n<div class=\"wp-block-button\"><a class=\"wp-block-button__link wp-element-button\" href=\"http:\/\/www.bkj.de\" target=\"_blank\" rel=\"noreferrer noopener\">bkj.de<\/a><\/div>\n<\/div>\n\n\n\n<div style=\"height:50px\" aria-hidden=\"true\" class=\"wp-block-spacer\"><\/div>\n\n\n\n<p><strong>Centa Duga<\/strong><\/p>\n\n\n\n<p>Mit dem Kleinstkinderheim Centa Duga im nordwestlichen Bosnien war und ist Dorothea Weinberg eng verbunden. Wesentliche Teile der traumabezogenen Spieltherapie entwickelte sie auch im Kontakt mit dem Kinderheim, von dessen Methoden unsere Jugendhilfe-Landschaft lernen kann.<\/p>\n\n\n\n<div class=\"wp-block-buttons is-layout-flex wp-block-buttons-is-layout-flex\">\n<div class=\"wp-block-button\"><a class=\"wp-block-button__link wp-element-button\" href=\"https:\/\/www.schutzengel-gesucht.de\/\" target=\"_blank\" rel=\"noreferrer noopener\">schutzengel-gesucht.de<\/a><\/div>\n<\/div>\n\n\n\n<div style=\"height:90px\" aria-hidden=\"true\" class=\"wp-block-spacer\"><\/div>\n\n\n\n<div class=\"wp-block-group alignfull has-base-2-background-color has-background has-global-padding is-layout-constrained wp-block-group-is-layout-constrained\" style=\"padding-top:var(--wp--preset--spacing--30);padding-bottom:var(--wp--preset--spacing--30)\">\n<h2 class=\"wp-block-heading\">Ver\u00f6ffentlichungen<\/h2>\n\n\n\n<div style=\"height:50px\" aria-hidden=\"true\" class=\"wp-block-spacer\"><\/div>\n\n\n\n<h3 class=\"wp-block-heading\"><strong>Publikationen<\/strong><\/h3>\n\n\n\n<div class=\"wp-block-media-text is-stacked-on-mobile\"><figure class=\"wp-block-media-text__media\"><img loading=\"lazy\" decoding=\"async\" width=\"376\" height=\"574\" src=\"https:\/\/weinberg-institut.de\/wp-content\/uploads\/2025\/12\/ffaecc_fa109ba0154f4e25be7a3916ecb32d13mv2_d_1748_2677_s_2.jpg\" alt=\"\" class=\"wp-image-341 size-full\" srcset=\"https:\/\/weinberg-institut.de\/wp-content\/uploads\/2025\/12\/ffaecc_fa109ba0154f4e25be7a3916ecb32d13mv2_d_1748_2677_s_2.jpg 376w, https:\/\/weinberg-institut.de\/wp-content\/uploads\/2025\/12\/ffaecc_fa109ba0154f4e25be7a3916ecb32d13mv2_d_1748_2677_s_2-197x300.jpg 197w\" sizes=\"auto, (max-width: 376px) 100vw, 376px\" \/><\/figure><div class=\"wp-block-media-text__content\">\n<p>Dorothea Weinberg<\/p>\n\n\n\n<p><strong>Verletzte Kinderseele<br><\/strong>Ratgeber f\u00fcr Eltern<\/p>\n\n\n\n<p>Klett-Cotta Lebenshilfe<br>160 Seite<br>Erscheinung: 20.03.2015<\/p>\n\n\n\n<p><strong>ISBN: 9783608860481<\/strong><\/p>\n<\/div><\/div>\n\n\n\n<div class=\"wp-block-media-text is-stacked-on-mobile\"><figure class=\"wp-block-media-text__media\"><img loading=\"lazy\" decoding=\"async\" width=\"376\" height=\"582\" src=\"https:\/\/weinberg-institut.de\/wp-content\/uploads\/2025\/12\/ffaecc_121ef0a2189343bc874e0666f14d3284mv2_d_1800_2800_s_2.jpg\" alt=\"\" class=\"wp-image-340 size-full\" srcset=\"https:\/\/weinberg-institut.de\/wp-content\/uploads\/2025\/12\/ffaecc_121ef0a2189343bc874e0666f14d3284mv2_d_1800_2800_s_2.jpg 376w, https:\/\/weinberg-institut.de\/wp-content\/uploads\/2025\/12\/ffaecc_121ef0a2189343bc874e0666f14d3284mv2_d_1800_2800_s_2-194x300.jpg 194w\" sizes=\"auto, (max-width: 376px) 100vw, 376px\" \/><\/figure><div class=\"wp-block-media-text__content\">\n<p>Dorothea Weinberg<\/p>\n\n\n\n<p><strong>Traumatherapie mit Kindern<\/strong><br>Strukturierte Trauma-Intervention und traumbezogene Spieltherapie<\/p>\n\n\n\n<p>Pfeiffer bei Klett-Cotta<br>250 Seiten<br>Ersterscheinung: 2005<\/p>\n\n\n\n<p><strong>ISBN: 3608897380<\/strong><\/p>\n\n\n\n<p>7. Auflage 2014<\/p>\n<\/div><\/div>\n\n\n\n<div class=\"wp-block-media-text is-stacked-on-mobile\"><figure class=\"wp-block-media-text__media\"><img loading=\"lazy\" decoding=\"async\" width=\"376\" height=\"588\" src=\"https:\/\/weinberg-institut.de\/wp-content\/uploads\/2025\/12\/ffaecc_386f749007a94829bc79fd90c2f12977mv2_d_1583_2480_s_2.jpg\" alt=\"\" class=\"wp-image-339 size-full\" srcset=\"https:\/\/weinberg-institut.de\/wp-content\/uploads\/2025\/12\/ffaecc_386f749007a94829bc79fd90c2f12977mv2_d_1583_2480_s_2.jpg 376w, https:\/\/weinberg-institut.de\/wp-content\/uploads\/2025\/12\/ffaecc_386f749007a94829bc79fd90c2f12977mv2_d_1583_2480_s_2-192x300.jpg 192w\" sizes=\"auto, (max-width: 376px) 100vw, 376px\" \/><\/figure><div class=\"wp-block-media-text__content\">\n<p>Dorothea Weinberg<\/p>\n\n\n\n<p><strong>Psychotherapie mit komplex traumatisierten Kindern<\/strong><br>Behandlung von Bindung- und Gewalttraumata der fr\u00fchen Kindheit<\/p>\n\n\n\n<p>Klett-Cotta<br>Leben lernen 233<br>Ersterscheinung: 2010<br>250 Seiten<\/p>\n\n\n\n<p><strong>ISBN: 97836088910103<\/strong><\/p>\n\n\n\n<p>Auflage 2014<\/p>\n<\/div><\/div>\n\n\n\n<div class=\"wp-block-media-text is-stacked-on-mobile\"><figure class=\"wp-block-media-text__media\"><img loading=\"lazy\" decoding=\"async\" width=\"252\" height=\"360\" src=\"https:\/\/weinberg-institut.de\/wp-content\/uploads\/2025\/12\/9783608892390_jpg_40187.jpg\" alt=\"\" class=\"wp-image-343 size-full\" srcset=\"https:\/\/weinberg-institut.de\/wp-content\/uploads\/2025\/12\/9783608892390_jpg_40187.jpg 252w, https:\/\/weinberg-institut.de\/wp-content\/uploads\/2025\/12\/9783608892390_jpg_40187-210x300.jpg 210w\" sizes=\"auto, (max-width: 252px) 100vw, 252px\" \/><\/figure><div class=\"wp-block-media-text__content\">\n<p>Heidi Zorzi<\/p>\n\n\n\n<p><strong>Psychotherapie mit komplex traumatisierten Jugendlichen<\/strong><\/p>\n\n\n\n<p>2019<br>Klett- Cotta<\/p>\n<\/div><\/div>\n\n\n\n<div style=\"height:70px\" aria-hidden=\"true\" class=\"wp-block-spacer\"><\/div>\n\n\n\n<h3 class=\"wp-block-heading\"><strong>Buchbeitr\u00e4ge<\/strong><\/h3>\n\n\n\n<p>Markus Landolt, Thomas Hensel (Hg),&nbsp;<br><strong>Traumatherapie bei Kindern und Jugendlichen<\/strong><br>Hogrefe 2008, erweiterte Auflage 2012<br>In diesem Buch wird erstmals eine umfassende schulen\u00fcbergreifende \u00dcbersicht \u00fcber Kindertraumatherapie im deutschsprachigen Bereich gegeben.&nbsp; Die wichtigsten Vertreter stellen ihre Verfahren selbst vor und machen das auch sehr sch\u00f6n anschaulich. Sehr lesenswert!<\/p>\n\n\n\n<p>Michaela Huber (Hg.),<br><strong>Viele sein &#8211; Ein Handbuch. Komplextrauma und dissoziative Identit\u00e4t verstehen, ver\u00e4ndern, behandeln<\/strong><br>Junfermann Paderborn, 2011<br>D. Weinberg: Instinktive T\u00e4uschungsreaktionen &#8211; eine h\u00e4ufige Variante kindlicher Unterwerfung,&nbsp;<br>S. 332 &#8211; 350<\/p>\n\n\n\n<p>Silke Gahleitner, Thomas Hensel u.a. (Hg.)<br><strong>Traumap\u00e4dagogik in sozialen Handlungsfeldern<\/strong><br>Hogrefe 2014<\/p>\n\n\n\n<p><a href=\"http:\/\/www.psychosozial-verlag.de\/catalog\/autoren.php?author_id=144\" target=\"_blank\" rel=\"noreferrer noopener\">Reinhard&nbsp;Plassmann<\/a>&nbsp;(Hg.)<br><strong>Die Kunst, seelisches Wachstum zu f\u00f6rdern Transformationsprozesse in der Psychotherapie<\/strong><br>Psychosozial-Verlag 2014<br>Traumabezogene Spieltherapie<\/p>\n\n\n\n<div style=\"height:70px\" aria-hidden=\"true\" class=\"wp-block-spacer\"><\/div>\n\n\n\n<h3 class=\"wp-block-heading\"><strong>Artikel in Fachzeitschriften<\/strong><\/h3>\n\n\n\n<p>F\u00fcr Kolleg*innen, die sich f\u00fcr den Kinderschutz einsetzen und mit Gutachtern und Familiengerichten k\u00e4mpfen:<\/p>\n\n\n\n<p><strong>D. Weinberg, A. Rose, Begutachtung von traumatisierten Kindern &#8211; ein Fallbeispiel.<\/strong><\/p>\n\n\n\n<p>In: Forum Psychotherapeutische Praxis, Heft 4, 2006, S. 194 &#8211; 199<\/p>\n\n\n\n<div data-wp-interactive=\"core\/file\" class=\"wp-block-file\"><object data-wp-bind--hidden=\"!state.hasPdfPreview\" hidden class=\"wp-block-file__embed\" data=\"https:\/\/weinberg-institut.de\/wp-content\/uploads\/2025\/12\/CCF_000007.pdf\" type=\"application\/pdf\" style=\"width:100%;height:600px\" aria-label=\"Einbettung von Begutachtung von traumatisierten Kindern - ein Fallbeispiel.\"><\/object><a id=\"wp-block-file--media-fbf329ac-13a4-4e0a-bfce-5383ab2ee205\" href=\"https:\/\/weinberg-institut.de\/wp-content\/uploads\/2025\/12\/CCF_000007.pdf\">Begutachtung von traumatisierten Kindern &#8211; ein Fallbeispiel<\/a><a href=\"https:\/\/weinberg-institut.de\/wp-content\/uploads\/2025\/12\/CCF_000007.pdf\" class=\"wp-block-file__button wp-element-button\" aria-describedby=\"wp-block-file--media-fbf329ac-13a4-4e0a-bfce-5383ab2ee205\" download>Herunterladen<\/a><\/div>\n\n\n\n<div style=\"height:40px\" aria-hidden=\"true\" class=\"wp-block-spacer\"><\/div>\n\n\n\n<p><strong>Instinktive T\u00e4uschung Die Verborgene Trauma-Reaktion.<br><\/strong>Von Alexander Korittko und Dorothea Weinberg<br>In: Informationen f\u00fcr Erziehungsberatungsstellen &nbsp;2\/13<br>bke besser beraten<\/p>\n\n\n\n<div data-wp-interactive=\"core\/file\" class=\"wp-block-file\"><object data-wp-bind--hidden=\"!state.hasPdfPreview\" hidden class=\"wp-block-file__embed\" data=\"https:\/\/weinberg-institut.de\/wp-content\/uploads\/2025\/12\/CCF_000009.pdf\" type=\"application\/pdf\" style=\"width:100%;height:600px\" aria-label=\"Einbettung von Instinktive T\u00e4uschung. Die verborgene Trauma-Reaktion.\"><\/object><a id=\"wp-block-file--media-c89283d3-dcf1-4254-9f1a-d8e03d22b575\" href=\"https:\/\/weinberg-institut.de\/wp-content\/uploads\/2025\/12\/CCF_000009.pdf\">Instinktive T\u00e4uschung. Die verborgene Trauma-Reaktion<\/a><a href=\"https:\/\/weinberg-institut.de\/wp-content\/uploads\/2025\/12\/CCF_000009.pdf\" class=\"wp-block-file__button wp-element-button\" aria-describedby=\"wp-block-file--media-c89283d3-dcf1-4254-9f1a-d8e03d22b575\" download>Herunterladen<\/a><\/div>\n\n\n\n<div style=\"height:40px\" aria-hidden=\"true\" class=\"wp-block-spacer\"><\/div>\n<\/div>\n\n\n\n<h3 class=\"wp-block-heading\">Ressourcen und Downloads<\/h3>\n\n\n\n<p><strong>Tools zur Stabilisierung<\/strong><br>Hilfreiche Seiten um zur Ruhe zu kommen, \u00dcbererregung zu regulieren, Stress zu bew\u00e4ltigen:<\/p>\n\n\n\n<div style=\"height:20px\" aria-hidden=\"true\" class=\"wp-block-spacer\"><\/div>\n\n\n\n<figure class=\"wp-block-embed is-type-video is-provider-youtube wp-block-embed-youtube wp-embed-aspect-16-9 wp-has-aspect-ratio\"><div class=\"wp-block-embed__wrapper\">\n<iframe loading=\"lazy\" title=\"Die Reise des Schmetterlings - Stressregulation f\u00fcr Kinder\" width=\"500\" height=\"281\" src=\"https:\/\/www.youtube.com\/embed\/KhnEXfkF0uw?feature=oembed\" frameborder=\"0\" allow=\"accelerometer; autoplay; clipboard-write; encrypted-media; gyroscope; picture-in-picture; web-share\" referrerpolicy=\"strict-origin-when-cross-origin\" allowfullscreen><\/iframe>\n<\/div><\/figure>\n\n\n\n<p>K\u00f6rper\u00fcbungen f\u00fcr Kinder als Buch und Video von Kati Bohnet, HelpersCircle. Stressregulation zum runterkommen.<\/p>\n\n\n\n<div style=\"height:30px\" aria-hidden=\"true\" class=\"wp-block-spacer\"><\/div>\n\n\n\n<figure class=\"wp-block-embed is-type-video is-provider-youtube wp-block-embed-youtube wp-embed-aspect-16-9 wp-has-aspect-ratio\"><div class=\"wp-block-embed__wrapper\">\n<iframe loading=\"lazy\" title=\"Jona ist wu\u0308tend - das Mitmachvideo zur Regulation gro\u00dfer Gef\u00fchle\" width=\"500\" height=\"281\" src=\"https:\/\/www.youtube.com\/embed\/s9UO3Xgzv2U?feature=oembed\" frameborder=\"0\" allow=\"accelerometer; autoplay; clipboard-write; encrypted-media; gyroscope; picture-in-picture; web-share\" referrerpolicy=\"strict-origin-when-cross-origin\" allowfullscreen><\/iframe>\n<\/div><\/figure>\n\n\n\n<p>K\u00f6per\u00fcbungen f\u00fcr Kinder die eher w\u00fctend als \u00e4ngstlich sind. Kati Bohnet hat die \u201eReise des Schmetterlings\u201c wunderbar angepasst.<\/p>\n\n\n\n<div style=\"height:30px\" aria-hidden=\"true\" class=\"wp-block-spacer\"><\/div>\n\n\n\n<figure class=\"wp-block-embed is-type-video is-provider-youtube wp-block-embed-youtube wp-embed-aspect-16-9 wp-has-aspect-ratio\"><div class=\"wp-block-embed__wrapper\">\n<iframe loading=\"lazy\" title=\"helpers circle   Mitmachvideo Emotionale Erste Hilfe Stressregulation\" width=\"500\" height=\"281\" src=\"https:\/\/www.youtube.com\/embed\/hEc3seGK-mw?feature=oembed\" frameborder=\"0\" allow=\"accelerometer; autoplay; clipboard-write; encrypted-media; gyroscope; picture-in-picture; web-share\" referrerpolicy=\"strict-origin-when-cross-origin\" allowfullscreen><\/iframe>\n<\/div><\/figure>\n\n\n\n<p>Kati Bohnet hat die \u00dcbungen des \u201eSchmetterlings\u201c in einem Video f\u00fcr Erwachsene aufbereitet. Regelm\u00e4\u00dfig ganz angucken und zur Ruhe kommen. Dauer: 12 Minuten.<\/p>\n\n\n\n<div style=\"height:30px\" aria-hidden=\"true\" class=\"wp-block-spacer\"><\/div>\n\n\n\n<p><strong>Entspannungs\u00fcbungen f\u00fcr Jugendliche &amp; Erwachsene<\/strong><\/p>\n\n\n\n<p>Kostenlose Downloads guter Entspannungs\u00fcbungen von der Techniker Krankenkasse:<\/p>\n\n\n\n<ul class=\"wp-block-list\">\n<li>Body Scan<\/li>\n\n\n\n<li>Progressive Muskelentspannung<\/li>\n\n\n\n<li>Atementspannung<\/li>\n<\/ul>\n\n\n\n<div class=\"wp-block-buttons is-layout-flex wp-block-buttons-is-layout-flex\">\n<div class=\"wp-block-button\"><a class=\"wp-block-button__link wp-element-button\" href=\"https:\/\/www.tk.de\/techniker\/gesundheit-foerdern\/stress-entspannung\/aktiv-entspannen\/download-anleitung-entspannung-2006922\" target=\"_blank\" rel=\"noreferrer noopener\">zum Download auf der TK Website<\/a><\/div>\n<\/div>\n\n\n\n<div style=\"height:34px\" aria-hidden=\"true\" class=\"wp-block-spacer\"><\/div>\n\n\n\n<p><strong>S.O.S. Kit &#8211; \u00dcbungen zur emotionalen erste Hilfe<\/strong><\/p>\n\n\n\n<p>Sammlung von \u00dcbungen und Tipps zur Stress- und Emotionsregulation, HelpersCircle.<\/p>\n\n\n\n<div class=\"wp-block-buttons is-layout-flex wp-block-buttons-is-layout-flex\">\n<div class=\"wp-block-button\"><a class=\"wp-block-button__link wp-element-button\" href=\"https:\/\/helperscircle.de\/s-o-s-kit\" target=\"_blank\" rel=\"noreferrer noopener\">helperscircle.de<\/a><\/div>\n<\/div>\n\n\n\n<div style=\"height:34px\" aria-hidden=\"true\" class=\"wp-block-spacer\"><\/div>\n\n\n\n<p><strong>Play-Therapy Podcast<\/strong><\/p>\n\n\n\n<p>Ausbildung in kindzentrierter Spieltherapie im Podcast-Format. Auf US-Englisch.<\/p>\n\n\n\n<div class=\"wp-block-buttons is-layout-flex wp-block-buttons-is-layout-flex\">\n<div class=\"wp-block-button\"><a class=\"wp-block-button__link wp-element-button\" href=\"http:\/\/Playtherapypodcast.com\" target=\"_blank\" rel=\"noreferrer noopener\"><strong>Play-Therapy Podcast<\/strong><\/a><\/div>\n<\/div>\n\n\n\n<div style=\"height:80px\" aria-hidden=\"true\" class=\"wp-block-spacer\"><\/div>\n\n\n\n<h3 class=\"wp-block-heading\">Downloads<\/h3>\n\n\n\n<div data-wp-interactive=\"core\/file\" class=\"wp-block-file\"><object data-wp-bind--hidden=\"!state.hasPdfPreview\" hidden class=\"wp-block-file__embed\" data=\"https:\/\/weinberg-institut.de\/wp-content\/uploads\/2025\/12\/A-DES_Auswertungshinweis.pdf\" type=\"application\/pdf\" style=\"width:100%;height:600px\" aria-label=\"Einbettung von A-DES_Auswertungshinweis.\"><\/object><a id=\"wp-block-file--media-bd9ff176-6932-4d15-a19f-c25b3bce3006\" href=\"https:\/\/weinberg-institut.de\/wp-content\/uploads\/2025\/12\/A-DES_Auswertungshinweis.pdf\">A-DES_Auswertungshinweis<\/a><a href=\"https:\/\/weinberg-institut.de\/wp-content\/uploads\/2025\/12\/A-DES_Auswertungshinweis.pdf\" class=\"wp-block-file__button wp-element-button\" aria-describedby=\"wp-block-file--media-bd9ff176-6932-4d15-a19f-c25b3bce3006\" download>Herunterladen<\/a><\/div>\n\n\n\n<div data-wp-interactive=\"core\/file\" class=\"wp-block-file\"><object data-wp-bind--hidden=\"!state.hasPdfPreview\" hidden class=\"wp-block-file__embed\" data=\"https:\/\/weinberg-institut.de\/wp-content\/uploads\/2025\/12\/A-DES-8.pdf\" type=\"application\/pdf\" style=\"width:100%;height:600px\" aria-label=\"Einbettung von A-DES-8.\"><\/object><a id=\"wp-block-file--media-3b07ed95-ce49-4278-810f-8d2fd337b8e8\" href=\"https:\/\/weinberg-institut.de\/wp-content\/uploads\/2025\/12\/A-DES-8.pdf\">A-DES-8<\/a><a href=\"https:\/\/weinberg-institut.de\/wp-content\/uploads\/2025\/12\/A-DES-8.pdf\" class=\"wp-block-file__button wp-element-button\" aria-describedby=\"wp-block-file--media-3b07ed95-ce49-4278-810f-8d2fd337b8e8\" download>Herunterladen<\/a><\/div>\n\n\n\n<div data-wp-interactive=\"core\/file\" class=\"wp-block-file\"><object data-wp-bind--hidden=\"!state.hasPdfPreview\" hidden class=\"wp-block-file__embed\" data=\"https:\/\/weinberg-institut.de\/wp-content\/uploads\/2025\/12\/A-DES-II-1.pdf\" type=\"application\/pdf\" style=\"width:100%;height:600px\" aria-label=\"Einbettung von A-DES-II-1.\"><\/object><a id=\"wp-block-file--media-6c7b3df5-4b74-4a6a-b7e6-6b9fe67b4bc9\" href=\"https:\/\/weinberg-institut.de\/wp-content\/uploads\/2025\/12\/A-DES-II-1.pdf\">A-DES-II-1<\/a><a href=\"https:\/\/weinberg-institut.de\/wp-content\/uploads\/2025\/12\/A-DES-II-1.pdf\" class=\"wp-block-file__button wp-element-button\" aria-describedby=\"wp-block-file--media-6c7b3df5-4b74-4a6a-b7e6-6b9fe67b4bc9\" download>Herunterladen<\/a><\/div>\n\n\n\n<div data-wp-interactive=\"core\/file\" class=\"wp-block-file\"><object data-wp-bind--hidden=\"!state.hasPdfPreview\" hidden class=\"wp-block-file__embed\" data=\"https:\/\/weinberg-institut.de\/wp-content\/uploads\/2025\/12\/CDC.pdf\" type=\"application\/pdf\" style=\"width:100%;height:600px\" aria-label=\"Einbettung von CDC.\"><\/object><a id=\"wp-block-file--media-c18e7b2f-0893-4f39-8308-a7c3e3bfe5ba\" href=\"https:\/\/weinberg-institut.de\/wp-content\/uploads\/2025\/12\/CDC.pdf\">CDC<\/a><a href=\"https:\/\/weinberg-institut.de\/wp-content\/uploads\/2025\/12\/CDC.pdf\" class=\"wp-block-file__button wp-element-button\" aria-describedby=\"wp-block-file--media-c18e7b2f-0893-4f39-8308-a7c3e3bfe5ba\" download>Herunterladen<\/a><\/div>\n\n\n\n<div data-wp-interactive=\"core\/file\" class=\"wp-block-file\"><object data-wp-bind--hidden=\"!state.hasPdfPreview\" hidden class=\"wp-block-file__embed\" data=\"https:\/\/weinberg-institut.de\/wp-content\/uploads\/2025\/12\/CROPS.pdf\" type=\"application\/pdf\" style=\"width:100%;height:600px\" aria-label=\"Einbettung von CROPS.\"><\/object><a id=\"wp-block-file--media-47511a44-d11e-4d6d-bb5d-7c81e080c965\" href=\"https:\/\/weinberg-institut.de\/wp-content\/uploads\/2025\/12\/CROPS.pdf\">CROPS<\/a><a href=\"https:\/\/weinberg-institut.de\/wp-content\/uploads\/2025\/12\/CROPS.pdf\" class=\"wp-block-file__button wp-element-button\" aria-describedby=\"wp-block-file--media-47511a44-d11e-4d6d-bb5d-7c81e080c965\" download>Herunterladen<\/a><\/div>\n\n\n\n<div data-wp-interactive=\"core\/file\" class=\"wp-block-file\"><object data-wp-bind--hidden=\"!state.hasPdfPreview\" hidden class=\"wp-block-file__embed\" data=\"https:\/\/weinberg-institut.de\/wp-content\/uploads\/2025\/12\/PROPS.pdf\" type=\"application\/pdf\" style=\"width:100%;height:600px\" aria-label=\"Einbettung von PROPS.\"><\/object><a id=\"wp-block-file--media-01e8a286-9fdf-4730-9901-0f066e67507b\" href=\"https:\/\/weinberg-institut.de\/wp-content\/uploads\/2025\/12\/PROPS.pdf\">PROPS<\/a><a href=\"https:\/\/weinberg-institut.de\/wp-content\/uploads\/2025\/12\/PROPS.pdf\" class=\"wp-block-file__button wp-element-button\" aria-describedby=\"wp-block-file--media-01e8a286-9fdf-4730-9901-0f066e67507b\" download>Herunterladen<\/a><\/div>\n\n\n\n<p><\/p>\n","protected":false},"excerpt":{"rendered":"<p>Links Kindertraumainstitut (KTI) Leiterin: Rose Wellek-MestianStandorte in Hamburg, K\u00f6ln, M\u00fcnchen, Hallein (\u00d6sterreich) Das KTI setzt sich unerm\u00fcdlich f\u00fcr eine hochwertige Entwicklung der Traumatherapie im Kindes- und Jugendalter ein und biete [&hellip;]<\/p>\n","protected":false},"author":1,"featured_media":0,"parent":0,"menu_order":0,"comment_status":"closed","ping_status":"closed","template":"","meta":{"_EventAllDay":false,"_EventTimezone":"","_EventStartDate":"","_EventEndDate":"","_EventStartDateUTC":"","_EventEndDateUTC":"","_EventShowMap":false,"_EventShowMapLink":false,"_EventURL":"","_EventCost":"","_EventCostDescription":"","_EventCurrencySymbol":"","_EventCurrencyCode":"","_EventCurrencyPosition":"","_EventDateTimeSeparator":"","_EventTimeRangeSeparator":"","_EventOrganizerID":[],"_EventVenueID":[],"_OrganizerEmail":"","_OrganizerPhone":"","_OrganizerWebsite":"","_VenueAddress":"","_VenueCity":"","_VenueCountry":"","_VenueProvince":"","_VenueState":"","_VenueZip":"","_VenuePhone":"","_VenueURL":"","_VenueStateProvince":"","_VenueLat":"","_VenueLng":"","_VenueShowMap":false,"_VenueShowMapLink":false,"footnotes":""},"class_list":["post-40","page","type-page","status-publish","hentry"],"_links":{"self":[{"href":"https:\/\/weinberg-institut.de\/index.php\/wp-json\/wp\/v2\/pages\/40","targetHints":{"allow":["GET"]}}],"collection":[{"href":"https:\/\/weinberg-institut.de\/index.php\/wp-json\/wp\/v2\/pages"}],"about":[{"href":"https:\/\/weinberg-institut.de\/index.php\/wp-json\/wp\/v2\/types\/page"}],"author":[{"embeddable":true,"href":"https:\/\/weinberg-institut.de\/index.php\/wp-json\/wp\/v2\/users\/1"}],"replies":[{"embeddable":true,"href":"https:\/\/weinberg-institut.de\/index.php\/wp-json\/wp\/v2\/comments?post=40"}],"version-history":[{"count":17,"href":"https:\/\/weinberg-institut.de\/index.php\/wp-json\/wp\/v2\/pages\/40\/revisions"}],"predecessor-version":[{"id":772,"href":"https:\/\/weinberg-institut.de\/index.php\/wp-json\/wp\/v2\/pages\/40\/revisions\/772"}],"wp:attachment":[{"href":"https:\/\/weinberg-institut.de\/index.php\/wp-json\/wp\/v2\/media?parent=40"}],"curies":[{"name":"wp","href":"https:\/\/api.w.org\/{rel}","templated":true}]}}